{"id":2,"date":"2015-01-08T21:17:46","date_gmt":"2015-01-08T19:17:46","guid":{"rendered":"http:\/\/www.isamaus.de\/?page_id=2"},"modified":"2020-04-03T19:13:37","modified_gmt":"2020-04-03T17:13:37","slug":"beispiel-seite","status":"publish","type":"page","link":"https:\/\/www.isamaus.de\/","title":{"rendered":"Hallo Welt!"},"content":{"rendered":"<div class=\"entry-content\">\n<p>Hier werdet Ihr alle Neuigkeiten zu meinem Projekt Jakobsweg finden.<\/p>\n<p>Vor 5 Jahren dr\u00fcckte mir meine Mutter das H\u00f6rbuch \u201cIch bin dann mal weg\u201d von Hape Kerkeling in die Hand. Damit war ein kleines Samenkorn in fruchtbaren Boden gelegt. Ich hatte bis zu diesem Zeitpunkt noch nie vom Jakobsweg geh\u00f6rt, aber seitdem l\u00e4sst mich das Thema nicht mehr los. Ich suchte also nach Infos zum Thema. B\u00fccher gibt es ja genug, und so habe ich inzwischen einige mehr oder weniger gute B\u00fccher zum Thema gelesen. Durch Recherchen im Internet fand ich dann auch heraus dass der Jakobsweg nicht erst in Spanien beginnt. Nur 30 km vor meiner Haust\u00fcr f\u00fchrt er vorbei. Leider hatte ich nicht die M\u00f6glichkeit einfach meinen Rucksack zu packen und loszulaufen, was f\u00fcr mich als impulsiver und ungeduldiger Mensch eine echte Herausforderung ist, deswegen etstand der Plan den Weg bis zur spanischen Grenze in einzelnen Tagesetappen zu laufen. Es wird sicherlich noch die n\u00e4chsten 4-6 Jahre in Anspruch nehmen bis ich diese 80 Etappen geschafft habe. Dann sind meine Kinder gro\u00df, ein neuer Lebensabschnitt beginnt und ich habe endlich die Zeit und die M\u00f6glichkeit eine Auszeit zu nehmen um die letzten 600km am St\u00fcck zu gehen.<\/p>\n<p>Ich bin nicht katholisch und will auch nicht f\u00fcr den S\u00fcndenerlass Pilgern. Nat\u00fcrlich k\u00f6nnte ich auch Richtung Nordsee oder im Kreis laufen, aber die vielen Berichte \u00fcber das besondere Flair und die Gemeinschaft auf dem Weg haben mich neugierig gemacht. Gleichzeitig bietet mir der Jakobsweg mit seinen Herbergen, Brunnen und sonstiger Infrastruktur die an Pilger angepasst ist, einen gewissen Komfort.\u00a0Mich reizt es herauszufinden was es mit mir macht wenn ich 6 Wochen am St\u00fcck durch Spanien laufe. Wenn ich viel Zeit zum nachdenken habe und alle Verantwortung zuhause lassen kann. Ich sehe das als ein Experiment und bin gespannt wie es ausgeht.<\/p>\n<\/div>\n","protected":false},"excerpt":{"rendered":"<p>Hier werdet Ihr alle Neuigkeiten zu meinem Projekt Jakobsweg finden. Vor 5 Jahren dr\u00fcckte mir meine Mutter das H\u00f6rbuch \u201cIch bin dann mal weg\u201d von Hape Kerkeling in die Hand. Damit war ein kleines Samenkorn in fruchtbaren Boden gelegt. Ich hatte bis zu diesem Zeitpunkt noch nie vom Jakobsweg geh\u00f6rt, aber seitdem l\u00e4sst mich das &hellip; <a href=\"https:\/\/www.isamaus.de\/\" class=\"more-link\"><span class=\"screen-reader-text\">Hallo Welt!<\/span> weiterlesen<\/a><\/p>\n","protected":false},"author":1,"featured_media":0,"parent":0,"menu_order":0,"comment_status":"closed","ping_status":"closed","template":"","meta":{"footnotes":""},"class_list":["post-2","page","type-page","status-publish","hentry"],"_links":{"self":[{"href":"https:\/\/www.isamaus.de\/index.php?rest_route=\/wp\/v2\/pages\/2","targetHints":{"allow":["GET"]}}],"collection":[{"href":"https:\/\/www.isamaus.de\/index.php?rest_route=\/wp\/v2\/pages"}],"about":[{"href":"https:\/\/www.isamaus.de\/index.php?rest_route=\/wp\/v2\/types\/page"}],"author":[{"embeddable":true,"href":"https:\/\/www.isamaus.de\/index.php?rest_route=\/wp\/v2\/users\/1"}],"replies":[{"embeddable":true,"href":"https:\/\/www.isamaus.de\/index.php?rest_route=%2Fwp%2Fv2%2Fcomments&post=2"}],"version-history":[{"count":1,"href":"https:\/\/www.isamaus.de\/index.php?rest_route=\/wp\/v2\/pages\/2\/revisions"}],"predecessor-version":[{"id":38,"href":"https:\/\/www.isamaus.de\/index.php?rest_route=\/wp\/v2\/pages\/2\/revisions\/38"}],"wp:attachment":[{"href":"https:\/\/www.isamaus.de\/index.php?rest_route=%2Fwp%2Fv2%2Fmedia&parent=2"}],"curies":[{"name":"wp","href":"https:\/\/api.w.org\/{rel}","templated":true}]}}